{"id":3370,"date":"2022-03-29T15:17:23","date_gmt":"2022-03-29T13:17:23","guid":{"rendered":"https:\/\/planetgraf.pl\/faq-aide\/"},"modified":"2025-02-24T13:02:38","modified_gmt":"2025-02-24T12:02:38","slug":"faq-aide","status":"publish","type":"page","link":"https:\/\/planetgraf.pl\/fr\/faq-aide\/","title":{"rendered":"FAQ\/AIDE"},"content":{"rendered":"<p><div class=\"fusion-fullwidth fullwidth-box fusion-builder-row-1 fusion-flex-container fusion-parallax-none hundred-percent-fullwidth non-hundred-percent-height-scrolling\" style=\"background-color: var(--awb-color8);background-image: url(&quot;https:\/\/planetgraf.pl\/wp-content\/uploads\/2022\/04\/faq_tlo.jpg&quot;);background-position: center bottom;background-repeat: no-repeat;border-width: 0px 0px 0px 0px;border-color:var(--awb-color1);border-style:solid;-webkit-background-size:cover;-moz-background-size:cover;-o-background-size:cover;background-size:cover;\" data-preload-img=\"https:\/\/planetgraf.pl\/wp-content\/uploads\/2022\/04\/faq_tlo.jpg\" ><div class=\"fusion-builder-row fusion-row fusion-flex-align-items-flex-start fusion-flex-align-content-flex-end\" style=\"width:104% !important;max-width:104% !important;margin-left: calc(-4% \/ 2 );margin-right: calc(-4% \/ 2 );\"><div class=\"fusion-layout-column fusion_builder_column fusion-builder-column-0 fusion_builder_column_1_1 1_1 fusion-flex-column fusion-animated\" data-animationType=\"fadeInUp\" data-animationDuration=\"0.8\" data-animationOffset=\"top-into-view\"><div class=\"fusion-column-wrapper fusion-flex-justify-content-center fusion-content-layout-column\" style=\"background-position:left top;background-repeat:no-repeat;-webkit-background-size:cover;-moz-background-size:cover;-o-background-size:cover;background-size:cover;padding: 0px 0px 0px 0px;\"><div class=\"fusion-separator fusion-full-width-sep\" style=\"align-self: center;margin-left: auto;margin-right: auto;margin-top:22px;width:100%;\"><\/div><style type=\"text\/css\">.fusion-title.fusion-title-1 .fusion-animated-texts-wrapper::before{background-color:var(--awb-color1)!important}@media only screen and (max-width:1224px) {.fusion-title.fusion-title-1{margin-top:0px!important; margin-right:0px!important;margin-bottom:0px!important;margin-left:0px!important;}}@media only screen and (max-width:740px) {.fusion-title.fusion-title-1{margin-top:0px!important; margin-right:0px!important;margin-bottom:20px!important; margin-left:0px!important;}}<\/style><div class=\"fusion-title title fusion-title-1 fusion-sep-none fusion-title-center fusion-title-rotating fusion-loop-off fusion-title-clipIn fusion-title-size-one\" style=\"margin-top:0px;margin-right:0px;margin-bottom:0px;margin-left:0px;\"><h1 class=\"title-heading-center fusion-responsive-typography-calculated\" style=\"font-family:&quot;Montserrat&quot;;font-weight:300;margin:0;color:var(--awb-color1);--fontSize:91;line-height:1;\"><span class=\"fusion-animated-text-prefix\"><\/span> <span class=\"fusion-animated-texts-wrapper fusion-responsive-typography-calculated\" style=\"color:var(--awb-color1);--fontSize:45;font-size:45px;text-align: center;\" data-length=\"line\" data-minDisplayTime=\"1200\"><span class=\"fusion-animated-texts\"><span data-in-effect=\"clipIn\" class=\"fusion-animated-text\" data-in-sequence=\"true\" data-out-reverse=\"true\" data-out-effect=\"clipOut\">FAQ\/AIDE<\/span><\/span><\/span> <span class=\"fusion-animated-text-postfix\"><\/span><\/h1><\/div><div class=\"fusion-separator fusion-full-width-sep\" style=\"align-self: center;margin-left: auto;margin-right: auto;margin-top:55px;width:100%;\"><\/div><div style=\"text-align:center;\"><span class=\" fusion-imageframe imageframe-none imageframe-1 hover-type-none\"><img decoding=\"async\" width=\"2\" height=\"30\" title=\"linia2\" src=\"data:image\/svg+xml,%3Csvg%20xmlns%3D%27http%3A%2F%2Fwww.w3.org%2F2000%2Fsvg%27%20width%3D%272%27%20height%3D%2730%27%20viewBox%3D%270%200%202%2030%27%3E%3Crect%20width%3D%272%27%20height%3D%2730%27%20fill-opacity%3D%220%22%2F%3E%3C%2Fsvg%3E\" data-orig-src=\"https:\/\/planetgraf.pl\/wp-content\/uploads\/2022\/03\/linia2.jpg\" alt class=\"lazyload img-responsive wp-image-3170\"\/><\/span><\/div><\/div><style type=\"text\/css\">.fusion-body .fusion-builder-column-0{width:100% !important;margin-top : 0px;margin-bottom : 0px;}.fusion-builder-column-0 > .fusion-column-wrapper {padding-top : 0px !important;padding-right : 0px !important;margin-right : 1.92%;padding-bottom : 0px !important;padding-left : 0px !important;margin-left : 1.92%;}@media only screen and (max-width:1224px) {.fusion-body .fusion-builder-column-0{width:100% !important;order : 0;}.fusion-builder-column-0 > .fusion-column-wrapper {margin-right : 1.92%;margin-left : 1.92%;}}@media only screen and (max-width:740px) {.fusion-body .fusion-builder-column-0{width:100% !important;order : 0;}.fusion-builder-column-0 > .fusion-column-wrapper {margin-right : 1.92%;margin-left : 1.92%;}}<\/style><\/div><\/div><style type=\"text\/css\">.fusion-body .fusion-flex-container.fusion-builder-row-1{ padding-top : 6vw;margin-top : 0px;padding-right : 6%;padding-bottom : 0px;margin-bottom : 0px;padding-left : 6%;}<\/style><\/div><div class=\"fusion-fullwidth fullwidth-box fusion-builder-row-2 fusion-flex-container hundred-percent-fullwidth non-hundred-percent-height-scrolling\" style=\"background-color: var(--awb-color1);background-position: center center;background-repeat: no-repeat;border-width: 0px 0px 0px 0px;border-color:var(--awb-color1);border-style:solid;\" ><div class=\"fusion-builder-row fusion-row fusion-flex-align-items-center fusion-flex-align-content-flex-start\" style=\"width:104% !important;max-width:104% !important;margin-left: calc(-4% \/ 2 );margin-right: calc(-4% \/ 2 );\"><div class=\"fusion-layout-column fusion_builder_column fusion-builder-column-1 fusion_builder_column_1_1 1_1 fusion-flex-column fusion-animated\" data-animationType=\"fadeInDown\" data-animationDuration=\"0.8\" data-animationOffset=\"top-into-view\"><div class=\"fusion-column-wrapper fusion-flex-justify-content-center fusion-content-layout-column\" style=\"background-position:left top;background-repeat:no-repeat;-webkit-background-size:cover;-moz-background-size:cover;-o-background-size:cover;background-size:cover;padding: 0px 0px 0px 0px;\"><div style=\"text-align:center;\"><span class=\" fusion-imageframe imageframe-none imageframe-2 hover-type-none\"><img decoding=\"async\" width=\"2\" height=\"30\" title=\"linia2\" src=\"data:image\/svg+xml,%3Csvg%20xmlns%3D%27http%3A%2F%2Fwww.w3.org%2F2000%2Fsvg%27%20width%3D%272%27%20height%3D%2730%27%20viewBox%3D%270%200%202%2030%27%3E%3Crect%20width%3D%272%27%20height%3D%2730%27%20fill-opacity%3D%220%22%2F%3E%3C%2Fsvg%3E\" data-orig-src=\"https:\/\/planetgraf.pl\/wp-content\/uploads\/2022\/03\/linia2.jpg\" alt class=\"lazyload img-responsive wp-image-3170\"\/><\/span><\/div><\/div><style type=\"text\/css\">.fusion-body .fusion-builder-column-1{width:100% !important;margin-top : 0px;margin-bottom : 0px;}.fusion-builder-column-1 > .fusion-column-wrapper {padding-top : 0px !important;padding-right : 0px !important;margin-right : 1.92%;padding-bottom : 0px !important;padding-left : 0px !important;margin-left : 1.92%;}@media only screen and (max-width:1224px) {.fusion-body .fusion-builder-column-1{width:100% !important;order : 0;}.fusion-builder-column-1 > .fusion-column-wrapper {margin-right : 1.92%;margin-left : 1.92%;}}@media only screen and (max-width:740px) {.fusion-body .fusion-builder-column-1{width:100% !important;order : 0;}.fusion-builder-column-1 > .fusion-column-wrapper {margin-right : 1.92%;margin-left : 1.92%;}}<\/style><\/div><\/div><style type=\"text\/css\">.fusion-body .fusion-flex-container.fusion-builder-row-2{ padding-top : 0px;margin-top : 0px;padding-right : 6%;padding-bottom : 80px;margin-bottom : 0px;padding-left : 6%;}<\/style><\/div><div class=\"fusion-fullwidth fullwidth-box fusion-builder-row-3 fusion-flex-container nonhundred-percent-fullwidth non-hundred-percent-height-scrolling\" style=\"background-color: var(--awb-color1);background-position: center center;background-repeat: no-repeat;border-width: 0px 0px 0px 0px;border-color:var(--awb-color1);border-style:solid;\" ><div class=\"fusion-builder-row fusion-row fusion-flex-align-items-flex-start fusion-flex-justify-content-center\" style=\"max-width:1362.4px;margin-left: calc(-4% \/ 2 );margin-right: calc(-4% \/ 2 );\"><div class=\"fusion-layout-column fusion_builder_column fusion-builder-column-2 fusion_builder_column_1_1 1_1 fusion-flex-column fusion-animated\" data-animationType=\"fadeInUp\" data-animationDuration=\"0.5\" data-animationOffset=\"top-into-view\"><div class=\"fusion-column-wrapper fusion-flex-justify-content-flex-start fusion-content-layout-column\" style=\"background-position:left top;background-repeat:no-repeat;-webkit-background-size:cover;-moz-background-size:cover;-o-background-size:cover;background-size:cover;padding: 0px 0px 0px 0px;\"><style type=\"text\/css\">@media only screen and (max-width:1224px) {.fusion-title.fusion-title-2{margin-top:25px!important; margin-right:0px!important;margin-bottom:25px!important;margin-left:0px!important;}}@media only screen and (max-width:740px) {.fusion-title.fusion-title-2{margin-top:0px!important; margin-right:0px!important;margin-bottom:20px!important; margin-left:0px!important;}}<\/style><div class=\"fusion-title title fusion-title-2 fusion-title-center fusion-title-text fusion-title-size-two\" style=\"font-size:var(--awb-typography2-font-size);margin-top:25px;margin-right:0px;margin-bottom:25px;margin-left:0px;\"><div class=\"title-sep-container title-sep-container-left\"><div class=\"title-sep sep-\" style=\"border-color:var(--awb-color6);\"><\/div><\/div><span class=\"awb-title-spacer\"><\/span><h2 class=\"title-heading-center fusion-responsive-typography-calculated\" style=\"font-family:var(--awb-typography2-font-family);font-weight:var(--awb-typography2-font-weight);font-style:var(--awb-typography2-font-style);margin:0;font-size:1em;letter-spacing:var(--awb-typography2-letter-spacing);text-transform:var(--awb-typography2-text-transform);--fontSize:24;--minFontSize:var(--awb-typography2-font-size);line-height:var(--awb-typography2-line-height);\"><h4 style=\"text-align: center;\"><span style=\"color: #000000;\">Questions fr\u00e9quemment pos\u00e9es<br \/>\n<\/span><\/h4><\/h2><span class=\"awb-title-spacer\"><\/span><div class=\"title-sep-container title-sep-container-right\"><div class=\"title-sep sep-\" style=\"border-color:var(--awb-color6);\"><\/div><\/div><\/div><div class=\"fusion-separator fusion-full-width-sep\" style=\"align-self: center;margin-left: auto;margin-right: auto;margin-top:44px;width:100%;\"><\/div><style type=\"text\/css\">#accordian-1 .fusion-panel:hover,#accordian-1 .fusion-panel.hover{ background-color: #f9f9f9 } #accordian-1 .fusion-panel { border-color:#ededed; border-width:1px; background-color:var(--awb-color1); }.fusion-accordian #accordian-1 .panel-title a .fa-fusion-box:before{ font-size: 15px;}.fusion-accordian #accordian-1 .panel-title a .fa-fusion-box{ color: var(--awb-color1);}.fusion-accordian #accordian-1 .panel-title a{font-size:17px;}.fusion-accordian #accordian-1 .fa-fusion-box { background-color: var(--awb-color4);border-color: var(--awb-color4);}.fusion-accordian #accordian-1 .panel-title a:hover,.fusion-accordian #accordian-1 .panel-title a.hover { color: var(--awb-color4);}.fusion-faq-shortcode .fusion-accordian #accordian-1 .fusion-toggle-boxed-mode:hover .panel-title a { color: var(--awb-color4);}.fusion-accordian #accordian-1 .panel-title .active .fa-fusion-box,.fusion-accordian #accordian-1 .panel-title a:hover .fa-fusion-box,.fusion-accordian #accordian-1 .panel-title a.hover .fa-fusion-box { background-color: var(--awb-color4)!important;border-color: var(--awb-color4)!important;}<\/style><div class=\"fusion-faq-shortcode\"><div class=\"fusion-faqs-wrapper\"><div class=\"accordian fusion-accordian\"><div class=\"panel-group \" id=\"accordian-1\"><div class=\"fusion-panel fusion-toggle-no-divider fusion-toggle-boxed-mode panel-default fusion-faq-post fusion-faq-post-3373 faq-fr \"><span class=\"entry-title rich-snippet-hidden\">Conditionnement<\/span><span class=\"vcard rich-snippet-hidden\"><span class=\"fn\"><a href=\"https:\/\/planetgraf.pl\/fr\/author\/adm1n\/\" title=\"Articles par adm1n\" rel=\"author\">adm1n<\/a><\/span><\/span><span class=\"updated rich-snippet-hidden\">2022-04-01T11:35:04+02:00<\/span><div class=\"panel-heading\"><h4 class=\"panel-title toggle\"><a data-toggle=\"collapse\" class=\"collapsed\" data-parent=\"#accordian-1\" data-target=\"#collapse-1-3373\" href=\"#collapse-1-3373\"><div class=\"fusion-toggle-icon-wrapper\"><div class=\"fusion-toggle-icon-wrapper-main\"><div class=\"fusion-toggle-icon-wrapper-sub\"><i class=\"fa-fusion-box active-icon awb-icon-minus\" aria-hidden=\"true\"><\/i><i class=\"fa-fusion-box inactive-icon awb-icon-plus\" aria-hidden=\"true\"><\/i><\/div><\/div><\/div><div class=\"fusion-toggle-heading\">Conditionnement<\/div><\/a><\/h4><\/div><div id=\"collapse-1-3373\" class=\"panel-collapse collapse\"><div class=\"panel-body toggle-content post-content\"><p>Conform\u00e9ment au \u00a7 15 VerpackG (loi sur les emballages), nous souhaitons, en tant que client, vous informer que tous les emballages qui ne sont pas soumis \u00e0 la participation au syst\u00e8me peuvent \u00eatre recycl\u00e9s gratuitement et collect\u00e9s via Planet Graf s.c. Rafal R\u0105czka, Anna.<\/p>\n<p>Le mode de retour de l&#8217;emballage sera \u00e9galement convenu au pr\u00e9alable avec les exigences et possibilit\u00e9s appropri\u00e9es.<\/p>\n<p>Vous pouvez \u00e9galement retourner l&#8217;emballage de transport au sens du \u00a7 15 al. 1 phrase 1 n\u00b0 2 VerpackG (loi sur les emballages) ainsi que la vente et les emballages collectifs au sens du \u00a7 15 al. 1 phrase 1 n\u00b0 2 VerpackG (loi sur les emballages), que nous mettons gratuitement en circulation.<\/p>\n<p>Nous tenons \u00e9galement \u00e0 vous signaler que vous n&rsquo;\u00eates pas oblig\u00e9 de nous retourner les articles mentionn\u00e9s ci-dessus. conditionnement.<\/p>\n<\/div><\/div><\/div><\/div><\/div><\/div><\/div><\/div><style type=\"text\/css\">.fusion-body .fusion-builder-column-2{width:100% !important;margin-top : 0px;margin-bottom : 0px;}.fusion-builder-column-2 > .fusion-column-wrapper {padding-top : 0px !important;padding-right : 0px !important;margin-right : 1.92%;padding-bottom : 0px !important;padding-left : 0px !important;margin-left : 1.92%;}@media only screen and (max-width:1224px) {.fusion-body .fusion-builder-column-2{width:100% !important;order : 0;}.fusion-builder-column-2 > .fusion-column-wrapper {margin-right : 1.92%;margin-left : 1.92%;}}@media only screen and (max-width:740px) {.fusion-body .fusion-builder-column-2{width:100% !important;order : 0;}.fusion-builder-column-2 > .fusion-column-wrapper {margin-right : 1.92%;margin-left : 1.92%;}}<\/style><\/div><\/div><style type=\"text\/css\">.fusion-body .fusion-flex-container.fusion-builder-row-3{ padding-top : 0px;margin-top : 0px;padding-right : 0px;padding-bottom : 160px;margin-bottom : 0px;padding-left : 0px;}<\/style><\/div><div class=\"fusion-fullwidth fullwidth-box fusion-builder-row-4 fusion-flex-container hundred-percent-fullwidth non-hundred-percent-height-scrolling\" style=\"background-color: var(--awb-color1);background-position: center center;background-repeat: no-repeat;border-width: 0px 0px 0px 0px;border-color:var(--awb-color1);border-style:solid;\" ><div class=\"fusion-builder-row fusion-row fusion-flex-align-items-flex-start fusion-flex-justify-content-center\" style=\"width:104% !important;max-width:104% !important;margin-left: calc(-4% \/ 2 );margin-right: calc(-4% \/ 2 );\"><div class=\"fusion-layout-column fusion_builder_column fusion-builder-column-3 fusion_builder_column_1_1 1_1 fusion-flex-column\"><div class=\"fusion-column-wrapper fusion-flex-justify-content-flex-start fusion-content-layout-column\" style=\"background-position:left top;background-repeat:no-repeat;-webkit-background-size:cover;-moz-background-size:cover;-o-background-size:cover;background-size:cover;padding: 0px 0px 0px 0px;\"><div class=\"fusion-separator fusion-full-width-sep\" style=\"align-self: center;margin-left: auto;margin-right: auto;margin-top:44px;width:100%;\"><div class=\"fusion-separator-border sep-single sep-solid\" style=\"border-color:#bfbfbf;border-top-width:1px;\"><\/div><\/div><\/div><style type=\"text\/css\">.fusion-body .fusion-builder-column-3{width:100% !important;margin-top : 0px;margin-bottom : 0px;}.fusion-builder-column-3 > .fusion-column-wrapper {padding-top : 0px !important;padding-right : 0px !important;margin-right : 1.92%;padding-bottom : 0px !important;padding-left : 0px !important;margin-left : 1.92%;}@media only screen and (max-width:1224px) {.fusion-body .fusion-builder-column-3{width:100% !important;order : 0;}.fusion-builder-column-3 > .fusion-column-wrapper {margin-right : 1.92%;margin-left : 1.92%;}}@media only screen and (max-width:740px) {.fusion-body .fusion-builder-column-3{width:100% !important;order : 0;}.fusion-builder-column-3 > .fusion-column-wrapper {margin-right : 1.92%;margin-left : 1.92%;}}<\/style><\/div><\/div><style type=\"text\/css\">.fusion-body .fusion-flex-container.fusion-builder-row-4{ padding-top : 0px;margin-top : 0px;padding-right : 0px;padding-bottom : 0px;margin-bottom : 0px;padding-left : 0px;}<\/style><\/div><\/p>\n","protected":false},"excerpt":{"rendered":"","protected":false},"author":1,"featured_media":0,"parent":0,"menu_order":0,"comment_status":"closed","ping_status":"closed","template":"100-width.php","meta":{"footnotes":""},"class_list":["post-3370","page","type-page","status-publish","hentry"],"yoast_head":"<!-- This site is optimized with the Yoast SEO plugin v26.6 - https:\/\/yoast.com\/wordpress\/plugins\/seo\/ -->\n<title>FAQ\/AIDE - Drukarnia Wielkoformatowa - Reklama Banery Siatki Folie Naklejki Plakaty Mielec<\/title>\n<meta name=\"robots\" content=\"index, follow, max-snippet:-1, max-image-preview:large, max-video-preview:-1\" \/>\n<link rel=\"canonical\" href=\"https:\/\/planetgraf.pl\/fr\/faq-aide\/\" \/>\n<meta property=\"og:locale\" content=\"fr_FR\" \/>\n<meta property=\"og:type\" content=\"article\" \/>\n<meta property=\"og:title\" content=\"FAQ\/AIDE - Drukarnia Wielkoformatowa - Reklama Banery Siatki Folie Naklejki Plakaty Mielec\" \/>\n<meta property=\"og:url\" content=\"https:\/\/planetgraf.pl\/fr\/faq-aide\/\" \/>\n<meta property=\"og:site_name\" content=\"Drukarnia Wielkoformatowa - Reklama Banery Siatki Folie Naklejki Plakaty Mielec\" \/>\n<meta property=\"article:modified_time\" content=\"2025-02-24T12:02:38+00:00\" \/>\n<meta name=\"twitter:card\" content=\"summary_large_image\" \/>\n<meta name=\"twitter:label1\" content=\"Dur\u00e9e de lecture estim\u00e9e\" \/>\n\t<meta name=\"twitter:data1\" content=\"18 minutes\" \/>\n<script type=\"application\/ld+json\" class=\"yoast-schema-graph\">{\"@context\":\"https:\/\/schema.org\",\"@graph\":[{\"@type\":\"WebPage\",\"@id\":\"https:\/\/planetgraf.pl\/fr\/faq-aide\/\",\"url\":\"https:\/\/planetgraf.pl\/fr\/faq-aide\/\",\"name\":\"FAQ\/AIDE - Drukarnia Wielkoformatowa - Reklama Banery Siatki Folie Naklejki Plakaty Mielec\",\"isPartOf\":{\"@id\":\"https:\/\/planetgraf.pl\/#website\"},\"datePublished\":\"2022-03-29T13:17:23+00:00\",\"dateModified\":\"2025-02-24T12:02:38+00:00\",\"breadcrumb\":{\"@id\":\"https:\/\/planetgraf.pl\/fr\/faq-aide\/#breadcrumb\"},\"inLanguage\":\"fr-FR\",\"potentialAction\":[{\"@type\":\"ReadAction\",\"target\":[\"https:\/\/planetgraf.pl\/fr\/faq-aide\/\"]}]},{\"@type\":\"BreadcrumbList\",\"@id\":\"https:\/\/planetgraf.pl\/fr\/faq-aide\/#breadcrumb\",\"itemListElement\":[{\"@type\":\"ListItem\",\"position\":1,\"name\":\"Strona g\u0142\u00f3wna\",\"item\":\"https:\/\/planetgraf.pl\/fr\/page-daccueil\/\"},{\"@type\":\"ListItem\",\"position\":2,\"name\":\"FAQ\/AIDE\"}]},{\"@type\":\"WebSite\",\"@id\":\"https:\/\/planetgraf.pl\/#website\",\"url\":\"https:\/\/planetgraf.pl\/\",\"name\":\"Planetgraf\",\"description\":\"Planetgraf.pl - Twoja Drukarnia Wielkoformatowa - Reklama\",\"publisher\":{\"@id\":\"https:\/\/planetgraf.pl\/#organization\"},\"potentialAction\":[{\"@type\":\"SearchAction\",\"target\":{\"@type\":\"EntryPoint\",\"urlTemplate\":\"https:\/\/planetgraf.pl\/?s={search_term_string}\"},\"query-input\":{\"@type\":\"PropertyValueSpecification\",\"valueRequired\":true,\"valueName\":\"search_term_string\"}}],\"inLanguage\":\"fr-FR\"},{\"@type\":\"Organization\",\"@id\":\"https:\/\/planetgraf.pl\/#organization\",\"name\":\"Planetgraf\",\"url\":\"https:\/\/planetgraf.pl\/\",\"logo\":{\"@type\":\"ImageObject\",\"inLanguage\":\"fr-FR\",\"@id\":\"https:\/\/planetgraf.pl\/#\/schema\/logo\/image\/\",\"url\":\"https:\/\/planetgraf.pl\/wp-content\/uploads\/2024\/05\/l.jpg\",\"contentUrl\":\"https:\/\/planetgraf.pl\/wp-content\/uploads\/2024\/05\/l.jpg\",\"width\":800,\"height\":533,\"caption\":\"Planetgraf\"},\"image\":{\"@id\":\"https:\/\/planetgraf.pl\/#\/schema\/logo\/image\/\"}}]}<\/script>\n<!-- \/ Yoast SEO plugin. -->","yoast_head_json":{"title":"FAQ\/AIDE - Drukarnia Wielkoformatowa - Reklama Banery Siatki Folie Naklejki Plakaty Mielec","robots":{"index":"index","follow":"follow","max-snippet":"max-snippet:-1","max-image-preview":"max-image-preview:large","max-video-preview":"max-video-preview:-1"},"canonical":"https:\/\/planetgraf.pl\/fr\/faq-aide\/","og_locale":"fr_FR","og_type":"article","og_title":"FAQ\/AIDE - Drukarnia Wielkoformatowa - Reklama Banery Siatki Folie Naklejki Plakaty Mielec","og_url":"https:\/\/planetgraf.pl\/fr\/faq-aide\/","og_site_name":"Drukarnia Wielkoformatowa - Reklama Banery Siatki Folie Naklejki Plakaty Mielec","article_modified_time":"2025-02-24T12:02:38+00:00","twitter_card":"summary_large_image","twitter_misc":{"Dur\u00e9e de lecture estim\u00e9e":"18 minutes"},"schema":{"@context":"https:\/\/schema.org","@graph":[{"@type":"WebPage","@id":"https:\/\/planetgraf.pl\/fr\/faq-aide\/","url":"https:\/\/planetgraf.pl\/fr\/faq-aide\/","name":"FAQ\/AIDE - Drukarnia Wielkoformatowa - Reklama Banery Siatki Folie Naklejki Plakaty Mielec","isPartOf":{"@id":"https:\/\/planetgraf.pl\/#website"},"datePublished":"2022-03-29T13:17:23+00:00","dateModified":"2025-02-24T12:02:38+00:00","breadcrumb":{"@id":"https:\/\/planetgraf.pl\/fr\/faq-aide\/#breadcrumb"},"inLanguage":"fr-FR","potentialAction":[{"@type":"ReadAction","target":["https:\/\/planetgraf.pl\/fr\/faq-aide\/"]}]},{"@type":"BreadcrumbList","@id":"https:\/\/planetgraf.pl\/fr\/faq-aide\/#breadcrumb","itemListElement":[{"@type":"ListItem","position":1,"name":"Strona g\u0142\u00f3wna","item":"https:\/\/planetgraf.pl\/fr\/page-daccueil\/"},{"@type":"ListItem","position":2,"name":"FAQ\/AIDE"}]},{"@type":"WebSite","@id":"https:\/\/planetgraf.pl\/#website","url":"https:\/\/planetgraf.pl\/","name":"Planetgraf","description":"Planetgraf.pl - Twoja Drukarnia Wielkoformatowa - Reklama","publisher":{"@id":"https:\/\/planetgraf.pl\/#organization"},"potentialAction":[{"@type":"SearchAction","target":{"@type":"EntryPoint","urlTemplate":"https:\/\/planetgraf.pl\/?s={search_term_string}"},"query-input":{"@type":"PropertyValueSpecification","valueRequired":true,"valueName":"search_term_string"}}],"inLanguage":"fr-FR"},{"@type":"Organization","@id":"https:\/\/planetgraf.pl\/#organization","name":"Planetgraf","url":"https:\/\/planetgraf.pl\/","logo":{"@type":"ImageObject","inLanguage":"fr-FR","@id":"https:\/\/planetgraf.pl\/#\/schema\/logo\/image\/","url":"https:\/\/planetgraf.pl\/wp-content\/uploads\/2024\/05\/l.jpg","contentUrl":"https:\/\/planetgraf.pl\/wp-content\/uploads\/2024\/05\/l.jpg","width":800,"height":533,"caption":"Planetgraf"},"image":{"@id":"https:\/\/planetgraf.pl\/#\/schema\/logo\/image\/"}}]}},"_links":{"self":[{"href":"https:\/\/planetgraf.pl\/fr\/wp-json\/wp\/v2\/pages\/3370","targetHints":{"allow":["GET"]}}],"collection":[{"href":"https:\/\/planetgraf.pl\/fr\/wp-json\/wp\/v2\/pages"}],"about":[{"href":"https:\/\/planetgraf.pl\/fr\/wp-json\/wp\/v2\/types\/page"}],"author":[{"embeddable":true,"href":"https:\/\/planetgraf.pl\/fr\/wp-json\/wp\/v2\/users\/1"}],"replies":[{"embeddable":true,"href":"https:\/\/planetgraf.pl\/fr\/wp-json\/wp\/v2\/comments?post=3370"}],"version-history":[{"count":2,"href":"https:\/\/planetgraf.pl\/fr\/wp-json\/wp\/v2\/pages\/3370\/revisions"}],"predecessor-version":[{"id":3372,"href":"https:\/\/planetgraf.pl\/fr\/wp-json\/wp\/v2\/pages\/3370\/revisions\/3372"}],"wp:attachment":[{"href":"https:\/\/planetgraf.pl\/fr\/wp-json\/wp\/v2\/media?parent=3370"}],"curies":[{"name":"wp","href":"https:\/\/api.w.org\/{rel}","templated":true}]}}